{"id":948,"date":"2019-09-10T17:05:00","date_gmt":"2019-09-10T15:05:00","guid":{"rendered":"https:\/\/protection.inexence.group\/?page_id=948"},"modified":"2020-12-15T15:53:11","modified_gmt":"2020-12-15T14:53:11","slug":"competences","status":"publish","type":"page","link":"https:\/\/protection.inexence.group\/en\/competences\/","title":{"rendered":"Our Skills"},"content":{"rendered":"<div class=\"wpb-content-wrapper\"><div class=\"vc_row wpb_row vc_row-fluid\"><div class=\"wpb_column vc_column_container vc_col-sm-12 sc_layouts_column_icons_position_left\"><div class=\"vc_column-inner\"><div class=\"wpb_wrapper\">\n<div class=\"vc_grid-container-wrapper vc_clearfix vc_grid-animation-fadeIn\">\n\t<div class=\"vc_grid-container vc_clearfix wpb_content_element vc_basic_grid articles\" data-initial-loading-animation=\"fadeIn\" data-vc-grid-settings=\"{&quot;page_id&quot;:948,&quot;style&quot;:&quot;load-more&quot;,&quot;action&quot;:&quot;vc_get_vc_grid_data&quot;,&quot;shortcode_id&quot;:&quot;1568127864254-63dc14f4-ab27-8&quot;,&quot;items_per_page&quot;:&quot;10&quot;,&quot;btn_data&quot;:{&quot;title&quot;:&quot;Load more&quot;,&quot;style&quot;:&quot;flat&quot;,&quot;gradient_color_1&quot;:&quot;&quot;,&quot;gradient_color_2&quot;:&quot;&quot;,&quot;gradient_custom_color_1&quot;:&quot;&quot;,&quot;gradient_custom_color_2&quot;:&quot;&quot;,&quot;gradient_text_color&quot;:&quot;&quot;,&quot;custom_background&quot;:&quot;#ededed&quot;,&quot;custom_text&quot;:&quot;#666&quot;,&quot;outline_custom_color&quot;:&quot;#666&quot;,&quot;outline_custom_hover_background&quot;:&quot;#666&quot;,&quot;outline_custom_hover_text&quot;:&quot;#fff&quot;,&quot;shape&quot;:&quot;rounded&quot;,&quot;color&quot;:&quot;default&quot;,&quot;size&quot;:&quot;md&quot;,&quot;align&quot;:&quot;inline&quot;,&quot;button_block&quot;:&quot;&quot;,&quot;add_icon&quot;:&quot;&quot;,&quot;i_align&quot;:&quot;left&quot;,&quot;i_type&quot;:&quot;fontawesome&quot;,&quot;i_icon_fontawesome&quot;:&quot;fas fa-adjust&quot;,&quot;i_icon_openiconic&quot;:&quot;vc-oi vc-oi-dial&quot;,&quot;i_icon_typicons&quot;:&quot;typcn typcn-adjust-brightness&quot;,&quot;i_icon_entypo&quot;:&quot;entypo-icon entypo-icon-note&quot;,&quot;i_icon_linecons&quot;:&quot;vc_li vc_li-heart&quot;,&quot;i_icon_monosocial&quot;:&quot;&quot;,&quot;i_icon_material&quot;:&quot;&quot;,&quot;i_icon_pixelicons&quot;:&quot;vc_pixel_icon vc_pixel_icon-alert&quot;,&quot;el_id&quot;:&quot;&quot;,&quot;custom_onclick&quot;:&quot;&quot;,&quot;custom_onclick_code&quot;:&quot;&quot;},&quot;tag&quot;:&quot;vc_basic_grid&quot;}\" data-vc-request=\"https:\/\/protection.inexence.group\/wp-admin\/admin-ajax.php\" data-vc-post-id=\"948\" data-vc-public-nonce=\"b73b8c33c2\">\n\t\t<style data-type=\"vc_shortcodes-custom-css\">.vc_custom_1568128260401{padding-top: 2em !important;padding-right: 4em !important;padding-bottom: 2em !important;padding-left: 4em !important;}<\/style><div class=\"vc_grid vc_row vc_pageable-wrapper vc_hook_hover\" data-vc-pageable-content=\"true\"><div class=\"vc_pageable-slide-wrapper vc_clearfix\" data-vc-grid-content=\"true\"><div class=\"vc_grid-item vc_clearfix vc_col-sm-4 vc_grid-item-zone-c-bottom\"><div class=\"vc_grid-item-mini vc_clearfix\"><div class=\"vc_gitem-animated-block  vc_gitem-animate vc_gitem-animate-scaleIn\"  data-vc-animation=\"scaleIn\"><div class=\"vc_gitem-zone vc_gitem-zone-a articles vc-gitem-zone-height-mode-auto vc-gitem-zone-height-mode-auto-16-9 vc_gitem-is-link\" style=\"background-image: url('https:\/\/protection.inexence.group\/wp-content\/uploads\/sites\/14\/2017\/06\/protection-espaces-commerciaux.jpg') !important;\"><a href=\"https:\/\/protection.inexence.group\/en\/installation-de-portails\/\" title=\"INSTALLATION OF GATES\" class=\"vc_gitem-link vc-zone-link\" ><\/a><img decoding=\"async\" class=\"vc_gitem-zone-img\" src=\"https:\/\/protection.inexence.group\/wp-content\/uploads\/sites\/14\/2017\/06\/protection-espaces-commerciaux.jpg\" alt=\"portail instal\u00e9 par Inexence protection\" loading=\"lazy\"><div class=\"vc_gitem-zone-mini\"><\/div><\/div><\/div><div class=\"vc_gitem-zone vc_gitem-zone-c\"><div class=\"vc_gitem-zone-mini\"><div class=\"vc_gitem_row vc_row vc_gitem-row-position-top\"><div class=\"vc_col-sm-12 vc_gitem-col vc_gitem-col-align- vc_custom_1568128260401\"><div class=\"vc_custom_heading vc_gitem-post-data vc_gitem-post-data-source-post_title\" ><h4 style=\"text-align: center\" ><a href=\"https:\/\/protection.inexence.group\/en\/installation-de-portails\/\" class=\"vc_gitem-link\" title=\"INSTALLATION OF GATES\">INSTALLATION OF GATES<\/a><\/h4><\/div><div class=\"vc_custom_heading vc_gitem-post-data vc_gitem-post-data-source-post_excerpt\" ><div style=\"text-align: justify\" ><p>Whether hinged, sliding, or self-supporting, your gates will be well guarded. In both manual and automated versions, our gates comply with French standards.<\/p>\n<\/div><\/div><div class=\"vc_btn3-container vc_btn3-center\"><a class=\"vc_general vc_btn3 vc_btn3-size-md vc_btn3-shape-square vc_btn3-style-flat vc_btn3-color-black\" a href=\"https:\/\/protection.inexence.group\/en\/installation-de-portails\/\" title=\"Read More\">Read More<\/a><\/div><\/div><\/div><\/div><\/div><\/div><div class=\"vc_clearfix\"><\/div><\/div><div class=\"vc_grid-item vc_clearfix vc_col-sm-4 vc_grid-item-zone-c-bottom\"><div class=\"vc_grid-item-mini vc_clearfix\"><div class=\"vc_gitem-animated-block  vc_gitem-animate vc_gitem-animate-scaleIn\"  data-vc-animation=\"scaleIn\"><div class=\"vc_gitem-zone vc_gitem-zone-a articles vc-gitem-zone-height-mode-auto vc-gitem-zone-height-mode-auto-16-9 vc_gitem-is-link\" style=\"background-image: url('https:\/\/protection.inexence.group\/wp-content\/uploads\/sites\/14\/2017\/06\/panneaux-de-protections.jpg') !important;\"><a href=\"https:\/\/protection.inexence.group\/en\/installation-de-clotures\/\" title=\"INSTALLATION OF FENCES\" class=\"vc_gitem-link vc-zone-link\" ><\/a><img decoding=\"async\" class=\"vc_gitem-zone-img\" src=\"https:\/\/protection.inexence.group\/wp-content\/uploads\/sites\/14\/2017\/06\/panneaux-de-protections.jpg\" alt=\"Assurer la s\u00e9curit\u00e9 des biens et des personnes\" loading=\"lazy\"><div class=\"vc_gitem-zone-mini\"><\/div><\/div><\/div><div class=\"vc_gitem-zone vc_gitem-zone-c\"><div class=\"vc_gitem-zone-mini\"><div class=\"vc_gitem_row vc_row vc_gitem-row-position-top\"><div class=\"vc_col-sm-12 vc_gitem-col vc_gitem-col-align- vc_custom_1568128260401\"><div class=\"vc_custom_heading vc_gitem-post-data vc_gitem-post-data-source-post_title\" ><h4 style=\"text-align: center\" ><a href=\"https:\/\/protection.inexence.group\/en\/installation-de-clotures\/\" class=\"vc_gitem-link\" title=\"INSTALLATION OF FENCES\">INSTALLATION OF FENCES<\/a><\/h4><\/div><div class=\"vc_custom_heading vc_gitem-post-data vc_gitem-post-data-source-post_excerpt\" ><div style=\"text-align: justify\" ><p>From welded mesh panels, bars and simple torsion to fences for sports pitches, we have the right solution for your project.<\/p>\n<\/div><\/div><div class=\"vc_btn3-container vc_btn3-center\"><a class=\"vc_general vc_btn3 vc_btn3-size-md vc_btn3-shape-square vc_btn3-style-flat vc_btn3-color-black\" a href=\"https:\/\/protection.inexence.group\/en\/installation-de-clotures\/\" title=\"Read More\">Read More<\/a><\/div><\/div><\/div><\/div><\/div><\/div><div class=\"vc_clearfix\"><\/div><\/div><div class=\"vc_grid-item vc_clearfix vc_col-sm-4 vc_grid-item-zone-c-bottom\"><div class=\"vc_grid-item-mini vc_clearfix\"><div class=\"vc_gitem-animated-block  vc_gitem-animate vc_gitem-animate-scaleIn\"  data-vc-animation=\"scaleIn\"><div class=\"vc_gitem-zone vc_gitem-zone-a articles vc-gitem-zone-height-mode-auto vc-gitem-zone-height-mode-auto-16-9 vc_gitem-is-link\" style=\"background-image: url('https:\/\/protection.inexence.group\/wp-content\/uploads\/sites\/14\/2017\/06\/cloture-de-protection-1024x590.jpg') !important;\"><a href=\"https:\/\/protection.inexence.group\/en\/obstacles-physiques\/\" title=\"PHYSICAL OBSTACLES\" class=\"vc_gitem-link vc-zone-link\" ><\/a><img decoding=\"async\" class=\"vc_gitem-zone-img\" src=\"https:\/\/protection.inexence.group\/wp-content\/uploads\/sites\/14\/2017\/06\/cloture-de-protection-1024x590.jpg\" alt=\"cl\u00f4ture en vente direct\" loading=\"lazy\"><div class=\"vc_gitem-zone-mini\"><\/div><\/div><\/div><div class=\"vc_gitem-zone vc_gitem-zone-c\"><div class=\"vc_gitem-zone-mini\"><div class=\"vc_gitem_row vc_row vc_gitem-row-position-top\"><div class=\"vc_col-sm-12 vc_gitem-col vc_gitem-col-align- vc_custom_1568128260401\"><div class=\"vc_custom_heading vc_gitem-post-data vc_gitem-post-data-source-post_title\" ><h4 style=\"text-align: center\" ><a href=\"https:\/\/protection.inexence.group\/en\/obstacles-physiques\/\" class=\"vc_gitem-link\" title=\"PHYSICAL OBSTACLES\">PHYSICAL OBSTACLES<\/a><\/h4><\/div><div class=\"vc_custom_heading vc_gitem-post-data vc_gitem-post-data-source-post_excerpt\" ><div style=\"text-align: justify\" ><p>Lifting barriers, turnstiles, fixed or retractable bollards, we offer alternatives to traditional gate systems.<\/p>\n<\/div><\/div><div class=\"vc_btn3-container vc_btn3-center\"><a class=\"vc_general vc_btn3 vc_btn3-size-md vc_btn3-shape-square vc_btn3-style-flat vc_btn3-color-black\" a href=\"https:\/\/protection.inexence.group\/en\/obstacles-physiques\/\" title=\"Read More\">Read More<\/a><\/div><\/div><\/div><\/div><\/div><\/div><div class=\"vc_clearfix\"><\/div><\/div><div class=\"vc_grid-item vc_clearfix vc_col-sm-4 vc_grid-item-zone-c-bottom\"><div class=\"vc_grid-item-mini vc_clearfix\"><div class=\"vc_gitem-animated-block  vc_gitem-animate vc_gitem-animate-scaleIn\"  data-vc-animation=\"scaleIn\"><div class=\"vc_gitem-zone vc_gitem-zone-a articles vc-gitem-zone-height-mode-auto vc-gitem-zone-height-mode-auto-16-9 vc_gitem-is-link\" style=\"background-image: url('https:\/\/protection.inexence.group\/wp-content\/uploads\/sites\/14\/2017\/06\/Sublimer-les-espaces-exte\u0301rieurs--1024x611.jpg') !important;\"><a href=\"https:\/\/protection.inexence.group\/en\/gestion-des-acces\/\" title=\"ACCESS MANAGEMENT\" class=\"vc_gitem-link vc-zone-link\" ><\/a><img decoding=\"async\" class=\"vc_gitem-zone-img\" src=\"https:\/\/protection.inexence.group\/wp-content\/uploads\/sites\/14\/2017\/06\/Sublimer-les-espaces-exte\u0301rieurs--1024x611.jpg\" alt=\"Sublimer les espaces ext\u00e9rieurs\" loading=\"lazy\"><div class=\"vc_gitem-zone-mini\"><\/div><\/div><\/div><div class=\"vc_gitem-zone vc_gitem-zone-c\"><div class=\"vc_gitem-zone-mini\"><div class=\"vc_gitem_row vc_row vc_gitem-row-position-top\"><div class=\"vc_col-sm-12 vc_gitem-col vc_gitem-col-align- vc_custom_1568128260401\"><div class=\"vc_custom_heading vc_gitem-post-data vc_gitem-post-data-source-post_title\" ><h4 style=\"text-align: center\" ><a href=\"https:\/\/protection.inexence.group\/en\/gestion-des-acces\/\" class=\"vc_gitem-link\" title=\"ACCESS MANAGEMENT\">ACCESS MANAGEMENT<\/a><\/h4><\/div><div class=\"vc_custom_heading vc_gitem-post-data vc_gitem-post-data-source-post_excerpt\" ><div style=\"text-align: justify\" ><p>Door-opening systems using badge readers, biometrics, digicodes, intercoms, magnetic loops, etc....<\/p>\n<\/div><\/div><div class=\"vc_btn3-container vc_btn3-center\"><a class=\"vc_general vc_btn3 vc_btn3-size-md vc_btn3-shape-square vc_btn3-style-flat vc_btn3-color-black\" a href=\"https:\/\/protection.inexence.group\/en\/gestion-des-acces\/\" title=\"Read More\">Read More<\/a><\/div><\/div><\/div><\/div><\/div><\/div><div class=\"vc_clearfix\"><\/div><\/div><\/div><div class=\"vc_pageable-load-more-btn\" data-vc-grid-load-more-btn=\"true\"><div class=\"vc_btn3-container  vc_grid-btn-load_more vc_btn3-inline\"><a href=\"javascript:;\" class=\"vc_general vc_btn3 vc_btn3-size-md vc_btn3-shape-rounded vc_btn3-style-flat vc_btn3-color-default\"  title=\"Load more\">Load more<\/a><\/div><\/div><\/div>\n\t<\/div>\n<\/div><\/div><\/div><\/div><\/div>\n<\/div>","protected":false},"excerpt":{"rendered":"INSTALLATION DE PORTAILSPivotants, coulissants, autoportants, vos acc\u00e8s seront bien gard\u00e9s. En version manuelle comme automatis\u00e9e, nos portails r\u00e9pondent aux normes NF. Lire plusINSTALLATION DE CL\u00d4TURESPanneaux en treillis soud\u00e9s, barreaudages, simple torsion, cl\u00f4tures sportives, nous avons la solution adapt\u00e9e \u00e0 votre projet. Lire plusOBSTACLES PHYSIQUESBarri\u00e8res levantes, tourniquets, bornes fixes ou escamotables, nous vous proposons des alternatives aux syst\u00e8mes portails classiques. Lire&hellip;","protected":false},"author":1,"featured_media":0,"parent":0,"menu_order":0,"comment_status":"closed","ping_status":"closed","template":"","meta":{"inline_featured_image":false,"footnotes":""},"class_list":["post-948","page","type-page","status-publish","hentry"],"yoast_head":"<!-- This site is optimized with the Yoast SEO plugin v24.1 - https:\/\/yoast.com\/wordpress\/plugins\/seo\/ -->\n<title>Nos Comp\u00e9tences- INEXENCE Protection Oc\u00e9an Indien<\/title>\n<meta name=\"description\" content=\"Les comp\u00e9tences d&#039;INEXENCE Protection Oc\u00e9an Indien pour la s\u00e9curit\u00e9 : Portails, cl\u00f4tures, obstacles physique et gestion d&#039;acc\u00e8s.\" \/>\n<meta name=\"robots\" content=\"index, follow, max-snippet:-1, max-image-preview:large, max-video-preview:-1\" \/>\n<link rel=\"canonical\" href=\"https:\/\/protection.inexence.group\/en\/competences\/\" \/>\n<meta property=\"og:locale\" content=\"en_GB\" \/>\n<meta property=\"og:type\" content=\"article\" \/>\n<meta property=\"og:title\" content=\"Nos Comp\u00e9tences- INEXENCE Protection Oc\u00e9an Indien\" \/>\n<meta property=\"og:description\" content=\"Les comp\u00e9tences d&#039;INEXENCE Protection Oc\u00e9an Indien pour la s\u00e9curit\u00e9 : Portails, cl\u00f4tures, obstacles physique et gestion d&#039;acc\u00e8s.\" \/>\n<meta property=\"og:url\" content=\"https:\/\/protection.inexence.group\/en\/competences\/\" \/>\n<meta property=\"og:site_name\" content=\"INEXENCE Protection - Oc\u00e9an Indien\" \/>\n<meta property=\"article:modified_time\" content=\"2020-12-15T14:53:11+00:00\" \/>\n<meta name=\"twitter:card\" content=\"summary_large_image\" \/>\n<script type=\"application\/ld+json\" class=\"yoast-schema-graph\">{\"@context\":\"https:\/\/schema.org\",\"@graph\":[{\"@type\":\"WebPage\",\"@id\":\"https:\/\/protection.inexence.group\/competences\/\",\"url\":\"https:\/\/protection.inexence.group\/competences\/\",\"name\":\"Nos Comp\u00e9tences- INEXENCE Protection Oc\u00e9an Indien\",\"isPartOf\":{\"@id\":\"https:\/\/protection.inexence.group\/#website\"},\"datePublished\":\"2019-09-10T15:05:00+00:00\",\"dateModified\":\"2020-12-15T14:53:11+00:00\",\"description\":\"Les comp\u00e9tences d'INEXENCE Protection Oc\u00e9an Indien pour la s\u00e9curit\u00e9 : Portails, cl\u00f4tures, obstacles physique et gestion d'acc\u00e8s.\",\"breadcrumb\":{\"@id\":\"https:\/\/protection.inexence.group\/competences\/#breadcrumb\"},\"inLanguage\":\"en-GB\",\"potentialAction\":[{\"@type\":\"ReadAction\",\"target\":[\"https:\/\/protection.inexence.group\/competences\/\"]}]},{\"@type\":\"BreadcrumbList\",\"@id\":\"https:\/\/protection.inexence.group\/competences\/#breadcrumb\",\"itemListElement\":[{\"@type\":\"ListItem\",\"position\":1,\"name\":\"Accueil\",\"item\":\"https:\/\/protection.inexence.group\/\"},{\"@type\":\"ListItem\",\"position\":2,\"name\":\"Nos Comp\u00e9tences\"}]},{\"@type\":\"WebSite\",\"@id\":\"https:\/\/protection.inexence.group\/#website\",\"url\":\"https:\/\/protection.inexence.group\/\",\"name\":\"INEXENCE Protection - Oc\u00e9an Indien\",\"description\":\"\",\"publisher\":{\"@id\":\"https:\/\/protection.inexence.group\/#organization\"},\"potentialAction\":[{\"@type\":\"SearchAction\",\"target\":{\"@type\":\"EntryPoint\",\"urlTemplate\":\"https:\/\/protection.inexence.group\/?s={search_term_string}\"},\"query-input\":{\"@type\":\"PropertyValueSpecification\",\"valueRequired\":true,\"valueName\":\"search_term_string\"}}],\"inLanguage\":\"en-GB\"},{\"@type\":\"Organization\",\"@id\":\"https:\/\/protection.inexence.group\/#organization\",\"name\":\"INEXENCE Protection - Oc\u00e9an Indien\",\"url\":\"https:\/\/protection.inexence.group\/\",\"logo\":{\"@type\":\"ImageObject\",\"inLanguage\":\"en-GB\",\"@id\":\"https:\/\/protection.inexence.group\/#\/schema\/logo\/image\/\",\"url\":\"https:\/\/protection.inexence.group\/wp-content\/uploads\/sites\/14\/2019\/07\/Logo-Inexence-Protection-OI.png\",\"contentUrl\":\"https:\/\/protection.inexence.group\/wp-content\/uploads\/sites\/14\/2019\/07\/Logo-Inexence-Protection-OI.png\",\"width\":1039,\"height\":930,\"caption\":\"INEXENCE Protection - Oc\u00e9an Indien\"},\"image\":{\"@id\":\"https:\/\/protection.inexence.group\/#\/schema\/logo\/image\/\"}}]}<\/script>\n<!-- \/ Yoast SEO plugin. -->","yoast_head_json":{"title":"Nos Comp\u00e9tences- INEXENCE Protection Oc\u00e9an Indien","description":"Les comp\u00e9tences d'INEXENCE Protection Oc\u00e9an Indien pour la s\u00e9curit\u00e9 : Portails, cl\u00f4tures, obstacles physique et gestion d'acc\u00e8s.","robots":{"index":"index","follow":"follow","max-snippet":"max-snippet:-1","max-image-preview":"max-image-preview:large","max-video-preview":"max-video-preview:-1"},"canonical":"https:\/\/protection.inexence.group\/en\/competences\/","og_locale":"en_GB","og_type":"article","og_title":"Nos Comp\u00e9tences- INEXENCE Protection Oc\u00e9an Indien","og_description":"Les comp\u00e9tences d'INEXENCE Protection Oc\u00e9an Indien pour la s\u00e9curit\u00e9 : Portails, cl\u00f4tures, obstacles physique et gestion d'acc\u00e8s.","og_url":"https:\/\/protection.inexence.group\/en\/competences\/","og_site_name":"INEXENCE Protection - Oc\u00e9an Indien","article_modified_time":"2020-12-15T14:53:11+00:00","twitter_card":"summary_large_image","schema":{"@context":"https:\/\/schema.org","@graph":[{"@type":"WebPage","@id":"https:\/\/protection.inexence.group\/competences\/","url":"https:\/\/protection.inexence.group\/competences\/","name":"Nos Comp\u00e9tences- INEXENCE Protection Oc\u00e9an Indien","isPartOf":{"@id":"https:\/\/protection.inexence.group\/#website"},"datePublished":"2019-09-10T15:05:00+00:00","dateModified":"2020-12-15T14:53:11+00:00","description":"Les comp\u00e9tences d'INEXENCE Protection Oc\u00e9an Indien pour la s\u00e9curit\u00e9 : Portails, cl\u00f4tures, obstacles physique et gestion d'acc\u00e8s.","breadcrumb":{"@id":"https:\/\/protection.inexence.group\/competences\/#breadcrumb"},"inLanguage":"en-GB","potentialAction":[{"@type":"ReadAction","target":["https:\/\/protection.inexence.group\/competences\/"]}]},{"@type":"BreadcrumbList","@id":"https:\/\/protection.inexence.group\/competences\/#breadcrumb","itemListElement":[{"@type":"ListItem","position":1,"name":"Accueil","item":"https:\/\/protection.inexence.group\/"},{"@type":"ListItem","position":2,"name":"Nos Comp\u00e9tences"}]},{"@type":"WebSite","@id":"https:\/\/protection.inexence.group\/#website","url":"https:\/\/protection.inexence.group\/","name":"INEXENCE Protection - Oc\u00e9an Indien","description":"","publisher":{"@id":"https:\/\/protection.inexence.group\/#organization"},"potentialAction":[{"@type":"SearchAction","target":{"@type":"EntryPoint","urlTemplate":"https:\/\/protection.inexence.group\/?s={search_term_string}"},"query-input":{"@type":"PropertyValueSpecification","valueRequired":true,"valueName":"search_term_string"}}],"inLanguage":"en-GB"},{"@type":"Organization","@id":"https:\/\/protection.inexence.group\/#organization","name":"INEXENCE Protection - Oc\u00e9an Indien","url":"https:\/\/protection.inexence.group\/","logo":{"@type":"ImageObject","inLanguage":"en-GB","@id":"https:\/\/protection.inexence.group\/#\/schema\/logo\/image\/","url":"https:\/\/protection.inexence.group\/wp-content\/uploads\/sites\/14\/2019\/07\/Logo-Inexence-Protection-OI.png","contentUrl":"https:\/\/protection.inexence.group\/wp-content\/uploads\/sites\/14\/2019\/07\/Logo-Inexence-Protection-OI.png","width":1039,"height":930,"caption":"INEXENCE Protection - Oc\u00e9an Indien"},"image":{"@id":"https:\/\/protection.inexence.group\/#\/schema\/logo\/image\/"}}]}},"_links":{"self":[{"href":"https:\/\/protection.inexence.group\/en\/wp-json\/wp\/v2\/pages\/948","targetHints":{"allow":["GET"]}}],"collection":[{"href":"https:\/\/protection.inexence.group\/en\/wp-json\/wp\/v2\/pages"}],"about":[{"href":"https:\/\/protection.inexence.group\/en\/wp-json\/wp\/v2\/types\/page"}],"author":[{"embeddable":true,"href":"https:\/\/protection.inexence.group\/en\/wp-json\/wp\/v2\/users\/1"}],"replies":[{"embeddable":true,"href":"https:\/\/protection.inexence.group\/en\/wp-json\/wp\/v2\/comments?post=948"}],"version-history":[{"count":0,"href":"https:\/\/protection.inexence.group\/en\/wp-json\/wp\/v2\/pages\/948\/revisions"}],"wp:attachment":[{"href":"https:\/\/protection.inexence.group\/en\/wp-json\/wp\/v2\/media?parent=948"}],"curies":[{"name":"wp","href":"https:\/\/api.w.org\/{rel}","templated":true}]}}